{"id":5543,"date":"2024-01-19T19:30:00","date_gmt":"2024-01-19T18:30:00","guid":{"rendered":"https:\/\/braun-avocat.com\/?page_id=5543"},"modified":"2024-01-19T19:38:25","modified_gmt":"2024-01-19T18:38:25","slug":"legal-notice","status":"publish","type":"page","link":"https:\/\/braun-avocat.com\/en\/legal-notice\/","title":{"rendered":"Legal notice"},"content":{"rendered":"\t\t<div data-elementor-type=\"wp-page\" data-elementor-id=\"5543\" class=\"elementor elementor-5543 elementor-5542\" data-elementor-post-type=\"page\">\n\t\t\t\t\t\t<section class=\"elementor-section elementor-top-section elementor-element elementor-element-2d320bce elementor-section-boxed elementor-section-height-default elementor-section-height-default\" data-id=\"2d320bce\" data-element_type=\"section\" data-e-type=\"section\" data-settings=\"{&quot;background_background&quot;:&quot;classic&quot;}\">\n\t\t\t\t\t\t<div class=\"elementor-container elementor-column-gap-default\">\n\t\t\t\t\t<div class=\"elementor-column elementor-col-100 elementor-top-column elementor-element elementor-element-1547d8b8\" data-id=\"1547d8b8\" data-element_type=\"column\" data-e-type=\"column\">\n\t\t\t<div class=\"elementor-widget-wrap elementor-element-populated\">\n\t\t\t\t\t\t<div class=\"elementor-element elementor-element-61a47714 elementor-widget elementor-widget-heading\" data-id=\"61a47714\" data-element_type=\"widget\" data-e-type=\"widget\" data-widget_type=\"heading.default\">\n\t\t\t\t<div class=\"elementor-widget-container\">\n\t\t\t\t\t<h1 class=\"elementor-heading-title elementor-size-default\">Legal notice<\/h1>\t\t\t\t<\/div>\n\t\t\t\t<\/div>\n\t\t\t\t<div class=\"elementor-element elementor-element-17ead67b elementor-align-center elementor-widget elementor-widget-breadcrumbs\" data-id=\"17ead67b\" data-element_type=\"widget\" data-e-type=\"widget\" data-widget_type=\"breadcrumbs.default\">\n\t\t\t\t<div class=\"elementor-widget-container\">\n\t\t\t\t\t<p id=\"breadcrumbs\"><span><span><a href=\"https:\/\/braun-avocat.com\/en\/\">Home<\/a><\/span><\/span><\/p>\t\t\t\t<\/div>\n\t\t\t\t<\/div>\n\t\t\t\t\t<\/div>\n\t\t<\/div>\n\t\t\t\t\t<\/div>\n\t\t<\/section>\n\t\t\t\t<section class=\"elementor-section elementor-top-section elementor-element elementor-element-cdcac1c elementor-section-boxed elementor-section-height-default elementor-section-height-default\" data-id=\"cdcac1c\" data-element_type=\"section\" data-e-type=\"section\">\n\t\t\t\t\t\t<div class=\"elementor-container elementor-column-gap-default\">\n\t\t\t\t\t<div class=\"elementor-column elementor-col-100 elementor-top-column elementor-element elementor-element-5a4c733\" data-id=\"5a4c733\" data-element_type=\"column\" data-e-type=\"column\">\n\t\t\t<div class=\"elementor-widget-wrap elementor-element-populated\">\n\t\t\t\t\t\t<div class=\"elementor-element elementor-element-f64fb0c elementor-widget elementor-widget-text-editor\" data-id=\"f64fb0c\" data-element_type=\"widget\" data-e-type=\"widget\" data-widget_type=\"text-editor.default\">\n\t\t\t\t<div class=\"elementor-widget-container\">\n\t\t\t\t\t\t\t\t\t<p>1- The Site accessible at the URL\u00a0<a href=\"https:\/\/braun-avocat.com\/en\/\">braun-avocat.com<\/a>\u00a0(hereafter \u201cthe Site\u201d) is the property of Ma\u00eetre Alexandre-M. BRAUN, Attorney at Law, 7 Avenue GOURGAUD, 75017 PARIS.<br \/>2- Its director of publication is Ma\u00eetre Alexandre-M. BRAUN.<\/p><p>3- Its content is protected by intellectual property law. Any reproduction, representation, distribution, etc. is subject to the agreement of the Site owner. The Site Owner is deemed to hold the intellectual property rights to the content of the Site, except for the content of the \u201cPress and News\u201d sections, which are reproduced in accordance with the provisions of article L 122-5, paragraph 3-b of the French Intellectual Property Code, and the content of photographs in the case of photo credits.<\/p><p>4- Users of the Site access it under their sole responsibility.<\/p><p>5- The content of the Site is for information purposes only. It does not constitute legal advice. The content of the Site does not present any guarantee of exhaustiveness, precision, updating, relevance, absence of error\u2026 The user subjected to a legal problem is encouraged to personally consult the owner of the Site or any other professional of the Law (other Lawyer, Notary, Bailiff) if he wishes to obtain a personalized advice, only able to engage the responsibility of its author.<\/p><p>6- The liability of the owner of the Site is not engaged with respect to anyone, because of its operation, its interruption, or any cause whatsoever, except for the stipulations of Article 7 below.<\/p><p>7- The liability of the owner of the Site is not engaged with respect to anyone in relation to the content present on the Site, except in the case of infringement of the Law of July 29, 1881 on the Freedom of the Press.<\/p>\t\t\t\t\t\t\t\t<\/div>\n\t\t\t\t<\/div>\n\t\t\t\t\t<\/div>\n\t\t<\/div>\n\t\t\t\t\t<\/div>\n\t\t<\/section>\n\t\t\t\t<\/div>\n\t\t","protected":false},"excerpt":{"rendered":"<p>Legal notice 1- The Site accessible at the URL\u00a0braun-avocat.com\u00a0(hereafter \u201cthe Site\u201d) is the property of Ma\u00eetre Alexandre-M. BRAUN, Attorney at Law, 7 Avenue GOURGAUD, 75017 PARIS.2- Its director of publication is Ma\u00eetre Alexandre-M. BRAUN. 3- Its content is protected by intellectual property law. Any reproduction, representation, distribution, etc. is subject to the agreement of the&hellip;&nbsp;<a href=\"https:\/\/braun-avocat.com\/en\/legal-notice\/\" rel=\"bookmark\">(suite\u2026)<span class=\"screen-reader-text\">Legal notice<\/span><\/a><\/p>\n","protected":false},"author":3,"featured_media":0,"parent":0,"menu_order":3,"comment_status":"closed","ping_status":"closed","template":"elementor_header_footer","meta":{"neve_meta_sidebar":"","neve_meta_container":"","neve_meta_enable_content_width":"","neve_meta_content_width":0,"neve_meta_title_alignment":"","neve_meta_author_avatar":"","neve_post_elements_order":"","neve_meta_disable_header":"","neve_meta_disable_footer":"","neve_meta_disable_title":"","neve_meta_reading_time":"","footnotes":""},"class_list":["post-5543","page","type-page","status-publish","hentry"],"yoast_head":"<!-- This site is optimized with the Yoast SEO plugin v27.3 - https:\/\/yoast.com\/product\/yoast-seo-wordpress\/ -->\n<title>Avocat Legal notice &#8226; Criminal lawyer in Paris<\/title>\n<meta name=\"description\" content=\"Legal notice &#8226; Me Alexandre-M. BRAUN, Avocat P\u00e9naliste \u00e0 Paris et en Ile-de-France (91, 92, 93, 94, 95, 77, 78) - \u260e 01 71 19 78 71 - D\u00e9fense des victimes et mis en cause.\" \/>\n<meta name=\"robots\" content=\"index, follow, max-snippet:-1, max-image-preview:large, max-video-preview:-1\" \/>\n<link rel=\"canonical\" href=\"https:\/\/braun-avocat.com\/en\/legal-notice\/\" \/>\n<meta property=\"og:locale\" content=\"en_US\" \/>\n<meta property=\"og:type\" content=\"article\" \/>\n<meta property=\"og:title\" content=\"Avocat Legal notice &#8226; Criminal lawyer in Paris\" \/>\n<meta property=\"og:description\" content=\"Legal notice &#8226; Me Alexandre-M. BRAUN, Avocat P\u00e9naliste \u00e0 Paris et en Ile-de-France (91, 92, 93, 94, 95, 77, 78) - \u260e 01 71 19 78 71 - D\u00e9fense des victimes et mis en cause.\" \/>\n<meta property=\"og:url\" content=\"https:\/\/braun-avocat.com\/en\/legal-notice\/\" \/>\n<meta property=\"og:site_name\" content=\"Criminal lawyer in Paris\" \/>\n<meta property=\"article:modified_time\" content=\"2024-01-19T18:38:25+00:00\" \/>\n<meta property=\"og:image\" content=\"https:\/\/braun-avocat.com\/wp-content\/uploads\/2023\/03\/Braun-avocat-droit-penal-paris-2.jpg\" \/>\n\t<meta property=\"og:image:width\" content=\"1024\" \/>\n\t<meta property=\"og:image:height\" content=\"692\" \/>\n\t<meta property=\"og:image:type\" content=\"image\/jpeg\" \/>\n<meta name=\"twitter:card\" content=\"summary_large_image\" \/>\n<meta name=\"twitter:label1\" content=\"Est. reading time\" \/>\n\t<meta name=\"twitter:data1\" content=\"2 minutes\" \/>\n<script type=\"application\/ld+json\" class=\"yoast-schema-graph\">{\"@context\":\"https:\\\/\\\/schema.org\",\"@graph\":[{\"@type\":\"WebPage\",\"@id\":\"https:\\\/\\\/braun-avocat.com\\\/en\\\/legal-notice\\\/\",\"url\":\"https:\\\/\\\/braun-avocat.com\\\/en\\\/legal-notice\\\/\",\"name\":\"Avocat Legal notice &#8226; Criminal lawyer in Paris\",\"isPartOf\":{\"@id\":\"https:\\\/\\\/braun-avocat.com\\\/en\\\/#website\"},\"datePublished\":\"2024-01-19T18:30:00+00:00\",\"dateModified\":\"2024-01-19T18:38:25+00:00\",\"description\":\"Legal notice &#8226; Me Alexandre-M. BRAUN, Avocat P\u00e9naliste \u00e0 Paris et en Ile-de-France (91, 92, 93, 94, 95, 77, 78) - \u260e 01 71 19 78 71 - D\u00e9fense des victimes et mis en cause.\",\"breadcrumb\":{\"@id\":\"https:\\\/\\\/braun-avocat.com\\\/en\\\/legal-notice\\\/#breadcrumb\"},\"inLanguage\":\"en-US\",\"potentialAction\":[{\"@type\":\"ReadAction\",\"target\":[\"https:\\\/\\\/braun-avocat.com\\\/en\\\/legal-notice\\\/\"]}]},{\"@type\":\"BreadcrumbList\",\"@id\":\"https:\\\/\\\/braun-avocat.com\\\/en\\\/legal-notice\\\/#breadcrumb\",\"itemListElement\":[{\"@type\":\"ListItem\",\"position\":1,\"name\":\"Home\",\"item\":\"https:\\\/\\\/braun-avocat.com\\\/en\\\/\"},{\"@type\":\"ListItem\",\"position\":2,\"name\":\"Legal notice\"}]},{\"@type\":\"WebSite\",\"@id\":\"https:\\\/\\\/braun-avocat.com\\\/en\\\/#website\",\"url\":\"https:\\\/\\\/braun-avocat.com\\\/en\\\/\",\"name\":\"Avocat Droit P\u00e9nal Paris\",\"description\":\"Avocat, D\u00e9fense P\u00e9nale, D\u00e9fense des victimes\",\"publisher\":{\"@id\":\"https:\\\/\\\/braun-avocat.com\\\/en\\\/#organization\"},\"potentialAction\":[{\"@type\":\"SearchAction\",\"target\":{\"@type\":\"EntryPoint\",\"urlTemplate\":\"https:\\\/\\\/braun-avocat.com\\\/en\\\/?s={search_term_string}\"},\"query-input\":{\"@type\":\"PropertyValueSpecification\",\"valueRequired\":true,\"valueName\":\"search_term_string\"}}],\"inLanguage\":\"en-US\"},{\"@type\":\"Organization\",\"@id\":\"https:\\\/\\\/braun-avocat.com\\\/en\\\/#organization\",\"name\":\"Avocat Droit P\u00e9nal Paris\",\"url\":\"https:\\\/\\\/braun-avocat.com\\\/en\\\/\",\"logo\":{\"@type\":\"ImageObject\",\"inLanguage\":\"en-US\",\"@id\":\"https:\\\/\\\/braun-avocat.com\\\/en\\\/#\\\/schema\\\/logo\\\/image\\\/\",\"url\":\"https:\\\/\\\/braun-avocat.com\\\/wp-content\\\/uploads\\\/2021\\\/07\\\/LOGO-BRAUN-01.svg\",\"contentUrl\":\"https:\\\/\\\/braun-avocat.com\\\/wp-content\\\/uploads\\\/2021\\\/07\\\/LOGO-BRAUN-01.svg\",\"caption\":\"Avocat Droit P\u00e9nal Paris\"},\"image\":{\"@id\":\"https:\\\/\\\/braun-avocat.com\\\/en\\\/#\\\/schema\\\/logo\\\/image\\\/\"}}]}<\/script>\n<!-- \/ Yoast SEO plugin. -->","yoast_head_json":{"title":"Avocat Legal notice &#8226; Criminal lawyer in Paris","description":"Legal notice &#8226; Me Alexandre-M. BRAUN, Avocat P\u00e9naliste \u00e0 Paris et en Ile-de-France (91, 92, 93, 94, 95, 77, 78) - \u260e 01 71 19 78 71 - D\u00e9fense des victimes et mis en cause.","robots":{"index":"index","follow":"follow","max-snippet":"max-snippet:-1","max-image-preview":"max-image-preview:large","max-video-preview":"max-video-preview:-1"},"canonical":"https:\/\/braun-avocat.com\/en\/legal-notice\/","og_locale":"en_US","og_type":"article","og_title":"Avocat Legal notice &#8226; Criminal lawyer in Paris","og_description":"Legal notice &#8226; Me Alexandre-M. BRAUN, Avocat P\u00e9naliste \u00e0 Paris et en Ile-de-France (91, 92, 93, 94, 95, 77, 78) - \u260e 01 71 19 78 71 - D\u00e9fense des victimes et mis en cause.","og_url":"https:\/\/braun-avocat.com\/en\/legal-notice\/","og_site_name":"Criminal lawyer in Paris","article_modified_time":"2024-01-19T18:38:25+00:00","og_image":[{"width":1024,"height":692,"url":"https:\/\/braun-avocat.com\/wp-content\/uploads\/2023\/03\/Braun-avocat-droit-penal-paris-2.jpg","type":"image\/jpeg"}],"twitter_card":"summary_large_image","twitter_misc":{"Est. reading time":"2 minutes"},"schema":{"@context":"https:\/\/schema.org","@graph":[{"@type":"WebPage","@id":"https:\/\/braun-avocat.com\/en\/legal-notice\/","url":"https:\/\/braun-avocat.com\/en\/legal-notice\/","name":"Avocat Legal notice &#8226; Criminal lawyer in Paris","isPartOf":{"@id":"https:\/\/braun-avocat.com\/en\/#website"},"datePublished":"2024-01-19T18:30:00+00:00","dateModified":"2024-01-19T18:38:25+00:00","description":"Legal notice &#8226; Me Alexandre-M. BRAUN, Avocat P\u00e9naliste \u00e0 Paris et en Ile-de-France (91, 92, 93, 94, 95, 77, 78) - \u260e 01 71 19 78 71 - D\u00e9fense des victimes et mis en cause.","breadcrumb":{"@id":"https:\/\/braun-avocat.com\/en\/legal-notice\/#breadcrumb"},"inLanguage":"en-US","potentialAction":[{"@type":"ReadAction","target":["https:\/\/braun-avocat.com\/en\/legal-notice\/"]}]},{"@type":"BreadcrumbList","@id":"https:\/\/braun-avocat.com\/en\/legal-notice\/#breadcrumb","itemListElement":[{"@type":"ListItem","position":1,"name":"Home","item":"https:\/\/braun-avocat.com\/en\/"},{"@type":"ListItem","position":2,"name":"Legal notice"}]},{"@type":"WebSite","@id":"https:\/\/braun-avocat.com\/en\/#website","url":"https:\/\/braun-avocat.com\/en\/","name":"Avocat Droit P\u00e9nal Paris","description":"Avocat, D\u00e9fense P\u00e9nale, D\u00e9fense des victimes","publisher":{"@id":"https:\/\/braun-avocat.com\/en\/#organization"},"potentialAction":[{"@type":"SearchAction","target":{"@type":"EntryPoint","urlTemplate":"https:\/\/braun-avocat.com\/en\/?s={search_term_string}"},"query-input":{"@type":"PropertyValueSpecification","valueRequired":true,"valueName":"search_term_string"}}],"inLanguage":"en-US"},{"@type":"Organization","@id":"https:\/\/braun-avocat.com\/en\/#organization","name":"Avocat Droit P\u00e9nal Paris","url":"https:\/\/braun-avocat.com\/en\/","logo":{"@type":"ImageObject","inLanguage":"en-US","@id":"https:\/\/braun-avocat.com\/en\/#\/schema\/logo\/image\/","url":"https:\/\/braun-avocat.com\/wp-content\/uploads\/2021\/07\/LOGO-BRAUN-01.svg","contentUrl":"https:\/\/braun-avocat.com\/wp-content\/uploads\/2021\/07\/LOGO-BRAUN-01.svg","caption":"Avocat Droit P\u00e9nal Paris"},"image":{"@id":"https:\/\/braun-avocat.com\/en\/#\/schema\/logo\/image\/"}}]}},"_links":{"self":[{"href":"https:\/\/braun-avocat.com\/en\/wp-json\/wp\/v2\/pages\/5543","targetHints":{"allow":["GET"]}}],"collection":[{"href":"https:\/\/braun-avocat.com\/en\/wp-json\/wp\/v2\/pages"}],"about":[{"href":"https:\/\/braun-avocat.com\/en\/wp-json\/wp\/v2\/types\/page"}],"author":[{"embeddable":true,"href":"https:\/\/braun-avocat.com\/en\/wp-json\/wp\/v2\/users\/3"}],"replies":[{"embeddable":true,"href":"https:\/\/braun-avocat.com\/en\/wp-json\/wp\/v2\/comments?post=5543"}],"version-history":[{"count":0,"href":"https:\/\/braun-avocat.com\/en\/wp-json\/wp\/v2\/pages\/5543\/revisions"}],"wp:attachment":[{"href":"https:\/\/braun-avocat.com\/en\/wp-json\/wp\/v2\/media?parent=5543"}],"curies":[{"name":"wp","href":"https:\/\/api.w.org\/{rel}","templated":true}]}}