{"id":4723,"date":"2021-12-22T11:24:15","date_gmt":"2021-12-22T10:24:15","guid":{"rendered":"http:\/\/braun-avocat.com\/consultation-fees\/"},"modified":"2021-12-22T11:24:15","modified_gmt":"2021-12-22T10:24:15","slug":"consultation-fees","status":"publish","type":"page","link":"https:\/\/braun-avocat.com\/en\/consultation-fees\/","title":{"rendered":"Consultation &#038; Fees"},"content":{"rendered":"\t\t<div data-elementor-type=\"wp-page\" data-elementor-id=\"4723\" class=\"elementor elementor-4723 elementor-1550\" data-elementor-post-type=\"page\">\n\t\t\t\t\t\t<section class=\"elementor-section elementor-top-section elementor-element elementor-element-5ee6f4b3 elementor-section-boxed elementor-section-height-default elementor-section-height-default\" data-id=\"5ee6f4b3\" data-element_type=\"section\" data-e-type=\"section\" data-settings=\"{&quot;background_background&quot;:&quot;classic&quot;}\">\n\t\t\t\t\t\t<div class=\"elementor-container elementor-column-gap-default\">\n\t\t\t\t\t<div class=\"elementor-column elementor-col-100 elementor-top-column elementor-element elementor-element-324195a1\" data-id=\"324195a1\" data-element_type=\"column\" data-e-type=\"column\">\n\t\t\t<div class=\"elementor-widget-wrap elementor-element-populated\">\n\t\t\t\t\t\t<div class=\"elementor-element elementor-element-51624c1 elementor-widget elementor-widget-heading\" data-id=\"51624c1\" data-element_type=\"widget\" data-e-type=\"widget\" data-widget_type=\"heading.default\">\n\t\t\t\t<div class=\"elementor-widget-container\">\n\t\t\t\t\t<h1 class=\"elementor-heading-title elementor-size-default\">Consultation &amp; Fees<\/h1>\t\t\t\t<\/div>\n\t\t\t\t<\/div>\n\t\t\t\t<div class=\"elementor-element elementor-element-40ebb0a2 elementor-align-center elementor-widget elementor-widget-breadcrumbs\" data-id=\"40ebb0a2\" data-element_type=\"widget\" data-e-type=\"widget\" data-widget_type=\"breadcrumbs.default\">\n\t\t\t\t<div class=\"elementor-widget-container\">\n\t\t\t\t\t<p id=\"breadcrumbs\"><span><span><a href=\"https:\/\/braun-avocat.com\/en\/\">Home<\/a><\/span><\/span><\/p>\t\t\t\t<\/div>\n\t\t\t\t<\/div>\n\t\t\t\t\t<\/div>\n\t\t<\/div>\n\t\t\t\t\t<\/div>\n\t\t<\/section>\n\t\t\t\t<section class=\"elementor-section elementor-top-section elementor-element elementor-element-cfcafde elementor-section-boxed elementor-section-height-default elementor-section-height-default\" data-id=\"cfcafde\" data-element_type=\"section\" data-e-type=\"section\" data-settings=\"{&quot;background_background&quot;:&quot;classic&quot;}\">\n\t\t\t\t\t\t<div class=\"elementor-container elementor-column-gap-default\">\n\t\t\t\t\t<div class=\"elementor-column elementor-col-50 elementor-top-column elementor-element elementor-element-7aa4527\" data-id=\"7aa4527\" data-element_type=\"column\" data-e-type=\"column\">\n\t\t\t<div class=\"elementor-widget-wrap elementor-element-populated\">\n\t\t\t\t\t\t<div class=\"elementor-element elementor-element-ea2aa0b elementor-widget elementor-widget-text-editor\" data-id=\"ea2aa0b\" data-element_type=\"widget\" data-e-type=\"widget\" data-widget_type=\"text-editor.default\">\n\t\t\t\t<div class=\"elementor-widget-container\">\n\t\t\t\t\t\t\t\t\t<p><div class=\"forminator-ui forminator-custom-form forminator-custom-form-4426 forminator-design--default  forminator_ajax\" data-forminator-render=\"0\" data-form=\"forminator-module-4426\" data-uid=\"69e256aa57131\"><br\/><\/div><form\n\t\t\t\tid=\"forminator-module-4426\"\n\t\t\t\tclass=\"forminator-ui forminator-custom-form forminator-custom-form-4426 forminator-design--default  forminator_ajax\"\n\t\t\t\tmethod=\"post\"\n\t\t\t\tdata-forminator-render=\"0\"\n\t\t\t\tdata-form-id=\"4426\"\n\t\t\t\t data-color-option=\"default\" data-design=\"default\" data-grid=\"open\" style=\"display: none;\"\n\t\t\t\tdata-uid=\"69e256aa57131\"\n\t\t\t><div role=\"alert\" aria-live=\"polite\" class=\"forminator-response-message forminator-error\" aria-hidden=\"true\"><\/div><div class=\"forminator-row\"><div id=\"name-1\" class=\"forminator-field-name forminator-col forminator-col-6 \"><div class=\"forminator-field\"><input type=\"text\" name=\"name-1\" value=\"\" placeholder=\"Name\" id=\"forminator-field-name-1_69e256aa57131\" class=\"forminator-input forminator-name--field\" aria-required=\"false\" autocomplete=\"name\" \/><\/div><\/div><div id=\"name-2\" class=\"forminator-field-name forminator-col forminator-col-6 \"><div class=\"forminator-field\"><input type=\"text\" name=\"name-2\" value=\"\" placeholder=\"First name\" id=\"forminator-field-name-2_69e256aa57131\" class=\"forminator-input forminator-name--field\" aria-required=\"false\" autocomplete=\"name\" \/><\/div><\/div><\/div><div class=\"forminator-row\"><div id=\"email-1\" class=\"forminator-field-email forminator-col forminator-col-6 \"><div class=\"forminator-field\"><input type=\"email\" name=\"email-1\" value=\"\" placeholder=\"Mail\" id=\"forminator-field-email-1_69e256aa57131\" class=\"forminator-input forminator-email--field\" data-required=\"\" aria-required=\"false\" autocomplete=\"email\" \/><\/div><\/div><div id=\"text-1\" class=\"forminator-field-text forminator-col forminator-col-6 \"><div class=\"forminator-field\"><input type=\"text\" name=\"text-1\" value=\"\" placeholder=\"Subject\" id=\"forminator-field-text-1_69e256aa57131\" class=\"forminator-input forminator-name--field\" data-required=\"\" \/><\/div><\/div><\/div><div class=\"forminator-row\"><div id=\"textarea-1\" class=\"forminator-field-textarea forminator-col forminator-col-12 \"><div class=\"forminator-field\"><textarea name=\"textarea-1\" placeholder=\"Message\" id=\"forminator-field-textarea-1_69e256aa57131\" class=\"forminator-textarea\" rows=\"6\" style=\"min-height:140px;\" ><\/textarea><\/div><\/div><\/div><div class=\"forminator-row\"><div id=\"captcha-1\" class=\"forminator-field-captcha forminator-col forminator-col-12 \"><div class=\"forminator-captcha-left forminator-g-recaptcha\" data-theme=\"light\"  data-sitekey=\"6Lcx5MwbAAAAACcVzQBxU3t0eMOYQR0XIyQxSRQG\" data-size=\"normal\"><\/div> <\/div><\/div><input type=\"hidden\" name=\"referer_url\" value=\"\" \/><div class=\"forminator-row forminator-row-last\"><div class=\"forminator-col\"><div class=\"forminator-field\"><button class=\"forminator-button forminator-button-submit\">SEND<\/button><\/div><\/div><\/div><input type=\"hidden\" id=\"forminator_nonce\" name=\"forminator_nonce\" value=\"2c762e7079\" \/><input type=\"hidden\" name=\"_wp_http_referer\" value=\"\/en\/wp-json\/wp\/v2\/pages\/4723\" \/><input type=\"hidden\" name=\"form_id\" value=\"4426\"><input type=\"hidden\" name=\"page_id\" value=\"4723\"><input type=\"hidden\" name=\"form_type\" value=\"default\"><input type=\"hidden\" name=\"current_url\" value=\"https:\/\/braun-avocat.com\/en\/consultation-fees\/\"><input type=\"hidden\" name=\"render_id\" value=\"0\"><input type=\"hidden\" name=\"action\" value=\"forminator_submit_form_custom-forms\"><\/form><\/p>\n\t\t\t\t\t\t\t\t<\/div>\n\t\t\t\t<\/div>\n\t\t\t\t\t<\/div>\n\t\t<\/div>\n\t\t\t\t<div class=\"elementor-column elementor-col-50 elementor-top-column elementor-element elementor-element-df71fc9\" data-id=\"df71fc9\" data-element_type=\"column\" data-e-type=\"column\">\n\t\t\t<div class=\"elementor-widget-wrap elementor-element-populated\">\n\t\t\t\t\t\t<div class=\"elementor-element elementor-element-124e844 elementor-widget elementor-widget-text-editor\" data-id=\"124e844\" data-element_type=\"widget\" data-e-type=\"widget\" data-widget_type=\"text-editor.default\">\n\t\t\t\t<div class=\"elementor-widget-container\">\n\t\t\t\t\t\t\t\t\t<p>Alexandre-M. BRAUN receives clients at his law firm, by appointment only. He can be reached, preferably, through the form.<\/p>\n\t\t\t\t\t\t\t\t<\/div>\n\t\t\t\t<\/div>\n\t\t\t\t<div class=\"elementor-element elementor-element-9a0b58a elementor-widget-divider--view-line elementor-widget elementor-widget-divider\" data-id=\"9a0b58a\" data-element_type=\"widget\" data-e-type=\"widget\" data-widget_type=\"divider.default\">\n\t\t\t\t<div class=\"elementor-widget-container\">\n\t\t\t\t\t\t\t<div class=\"elementor-divider\">\n\t\t\t<span class=\"elementor-divider-separator\">\n\t\t\t\t\t\t<\/span>\n\t\t<\/div>\n\t\t\t\t\t\t<\/div>\n\t\t\t\t<\/div>\n\t\t\t\t<div class=\"elementor-element elementor-element-f9d18ee elementor-icon-list--layout-traditional elementor-list-item-link-full_width elementor-widget elementor-widget-icon-list\" data-id=\"f9d18ee\" data-element_type=\"widget\" data-e-type=\"widget\" data-widget_type=\"icon-list.default\">\n\t\t\t\t<div class=\"elementor-widget-container\">\n\t\t\t\t\t\t\t<ul class=\"elementor-icon-list-items\">\n\t\t\t\t\t\t\t<li class=\"elementor-icon-list-item\">\n\t\t\t\t\t\t\t\t\t\t\t<span class=\"elementor-icon-list-icon\">\n\t\t\t\t\t\t\t<i aria-hidden=\"true\" class=\"fas fa-home\"><\/i>\t\t\t\t\t\t<\/span>\n\t\t\t\t\t\t\t\t\t\t<span class=\"elementor-icon-list-text\">30 rue Eug\u00e8ne Flachat, 75017 Paris<\/span>\n\t\t\t\t\t\t\t\t\t<\/li>\n\t\t\t\t\t\t\t\t<li class=\"elementor-icon-list-item\">\n\t\t\t\t\t\t\t\t\t\t\t<span class=\"elementor-icon-list-icon\">\n\t\t\t\t\t\t\t<i aria-hidden=\"true\" class=\"fas fa-phone-alt\"><\/i>\t\t\t\t\t\t<\/span>\n\t\t\t\t\t\t\t\t\t\t<span class=\"elementor-icon-list-text\">01 56 79 12 18<\/span>\n\t\t\t\t\t\t\t\t\t<\/li>\n\t\t\t\t\t\t\t\t<li class=\"elementor-icon-list-item\">\n\t\t\t\t\t\t\t\t\t\t\t<span class=\"elementor-icon-list-icon\">\n\t\t\t\t\t\t\t<i aria-hidden=\"true\" class=\"fas fa-print\"><\/i>\t\t\t\t\t\t<\/span>\n\t\t\t\t\t\t\t\t\t\t<span class=\"elementor-icon-list-text\">01 70 71 97 26<\/span>\n\t\t\t\t\t\t\t\t\t<\/li>\n\t\t\t\t\t\t<\/ul>\n\t\t\t\t\t\t<\/div>\n\t\t\t\t<\/div>\n\t\t\t\t\t<\/div>\n\t\t<\/div>\n\t\t\t\t\t<\/div>\n\t\t<\/section>\n\t\t\t\t<section class=\"elementor-section elementor-top-section elementor-element elementor-element-ca7c729 elementor-section-boxed elementor-section-height-default elementor-section-height-default\" data-id=\"ca7c729\" data-element_type=\"section\" data-e-type=\"section\">\n\t\t\t\t\t\t<div class=\"elementor-container elementor-column-gap-default\">\n\t\t\t\t\t<div class=\"elementor-column elementor-col-100 elementor-top-column elementor-element elementor-element-324b66f\" data-id=\"324b66f\" data-element_type=\"column\" data-e-type=\"column\">\n\t\t\t<div class=\"elementor-widget-wrap elementor-element-populated\">\n\t\t\t\t\t\t<div class=\"elementor-element elementor-element-ee5ae43 elementor-widget elementor-widget-heading\" data-id=\"ee5ae43\" data-element_type=\"widget\" data-e-type=\"widget\" data-widget_type=\"heading.default\">\n\t\t\t\t<div class=\"elementor-widget-container\">\n\t\t\t\t\t<h2 class=\"elementor-heading-title elementor-size-default\"><a href=\"http:\/\/braun-avocat.com\/en\/plainte-et-action-civile\/\">Lawyer's Fees<\/a><\/h2>\t\t\t\t<\/div>\n\t\t\t\t<\/div>\n\t\t\t\t<section class=\"elementor-section elementor-inner-section elementor-element elementor-element-e604475 elementor-section-boxed elementor-section-height-default elementor-section-height-default\" data-id=\"e604475\" data-element_type=\"section\" data-e-type=\"section\">\n\t\t\t\t\t\t<div class=\"elementor-container elementor-column-gap-default\">\n\t\t\t\t\t<div class=\"elementor-column elementor-col-100 elementor-inner-column elementor-element elementor-element-bee7e20\" data-id=\"bee7e20\" data-element_type=\"column\" data-e-type=\"column\">\n\t\t\t<div class=\"elementor-widget-wrap elementor-element-populated\">\n\t\t\t\t\t\t<div class=\"elementor-element elementor-element-5141fa6 txt_brword elementor-widget elementor-widget-text-editor\" data-id=\"5141fa6\" data-element_type=\"widget\" data-e-type=\"widget\" data-widget_type=\"text-editor.default\">\n\t\t\t\t<div class=\"elementor-widget-container\">\n\t\t\t\t\t\t\t\t\t<p><span style=\"font-weight: 400;\">Concerns about  <strong>lawyers&#8217; fees<\/strong>, or the <strong>&#8220;price&#8221; of their services<\/strong>, are as old as the profession itself.<\/span><\/p>\n<p><span style=\"font-weight: 400;\">In ancient Greece, Demosthenes advised :<\/span><\/p>\n<blockquote>\n<p><span style=\"font-weight: 400;\">\u00ab\u00a0<\/span><i><span style=\"font-weight: 400;\">Consider as something expensive not what it costs you to defend yourself but what it will cost you not to be defended<\/span><\/i><span style=\"font-weight: 400;\">\u00bb<\/span><\/p>\n<\/blockquote>\n<p><span style=\"font-weight: 400;\">Demosthenes was right: the absence of defense costs more than the defense, whether we are talking about <a href=\"http:\/\/braun-avocat.com\/en\/criminal-defense\/\">criminal defense<\/a> or <a href=\"\/en\/victims-advocacy\/\">the defense of victims<\/a>. Nevertheless, it is legitimate for the litigant to <strong>wonder what his lawyer will cost him <\/strong> and to wish for the most transparency possible on this point.\u00a0<\/span><\/p>\n<p><span style=\"font-weight: 400;\">The <strong>billing of Alexandre-M. BRAUN&#8217;s fees <\/strong> are systematically <strong>explained at the beginning of each case<\/strong>, and are confirmed in writing in the form of a <strong>fee agreement<\/strong> in order to reassure the client and give him or her a <strong>clear idea of the amount of his or her commitments<\/strong>.<\/span><\/p>\n<p><span style=\"font-weight: 400;\">Depending on the case, the <strong>billing<\/strong> may be <strong>fixed<\/strong> (i.e. at a fixed price, for the entire case or a specific part of it) or calculated on the basis of<strong> time spent<\/strong>, according to <strong>an hourly rate<\/strong>.<\/span><\/p>\n<p><span style=\"font-weight: 400;\">When the nature of the case allows it, an <strong>additional result fee<\/strong> is also agreed upon, linked to <strong>the obtaining of an advantage<\/strong> or the <strong>avoidance of a risk<\/strong>.<\/span><\/p>\n<p><span style=\"font-weight: 400;\"><strong>Fees<\/strong> can be paid by <strong>virement<\/strong>, <strong>bank transfer, credit card <\/strong> (Visa, Mastercard, American Express), <strong>check <\/strong> or <strong>cash <\/strong> (within the limit of 1,000 Euros TTC for French residents and 10,000 Euros TTC for foreign tourists, in accordance with the provisions of  <\/span><span style=\"font-weight: 400;\"> Decree No. 2015-741 of June 24, 2015).<\/span><b><br \/><\/b><\/p>\n\t\t\t\t\t\t\t\t<\/div>\n\t\t\t\t<\/div>\n\t\t\t\t\t<\/div>\n\t\t<\/div>\n\t\t\t\t\t<\/div>\n\t\t<\/section>\n\t\t\t\t\t<\/div>\n\t\t<\/div>\n\t\t\t\t\t<\/div>\n\t\t<\/section>\n\t\t\t\t<\/div>\n\t\t","protected":false},"excerpt":{"rendered":"<p>Consultation &#038; Fees Alexandre-M. BRAUN receives clients at his law firm, by appointment only. He can be reached, preferably, through the form. 30 rue Eug\u00e8ne Flachat, 75017 Paris 01 56 79 12 18 01 70 71 97 26 Lawyer&#8217;s Fees Concerns about lawyers&#8217; fees, or the &#8220;price&#8221; of their services, are as old as the&hellip;&nbsp;<a href=\"https:\/\/braun-avocat.com\/en\/consultation-fees\/\" rel=\"bookmark\">(suite\u2026)<span class=\"screen-reader-text\">Consultation &#038; Fees<\/span><\/a><\/p>\n","protected":false},"author":3,"featured_media":0,"parent":0,"menu_order":8,"comment_status":"closed","ping_status":"closed","template":"elementor_header_footer","meta":{"neve_meta_sidebar":"","neve_meta_container":"","neve_meta_enable_content_width":"","neve_meta_content_width":0,"neve_meta_title_alignment":"","neve_meta_author_avatar":"","neve_post_elements_order":"","neve_meta_disable_header":"","neve_meta_disable_footer":"","neve_meta_disable_title":"","neve_meta_reading_time":"","footnotes":""},"class_list":["post-4723","page","type-page","status-publish","hentry"],"yoast_head":"<!-- This site is optimized with the Yoast SEO plugin v27.4 - https:\/\/yoast.com\/product\/yoast-seo-wordpress\/ -->\n<title>Consultation &amp; Fees Criminal lawyer - Criminal lawyer in Paris<\/title>\n<meta name=\"description\" content=\"Consultation &amp; Fees &#8226; Me Alexandre-M. BRAUN, Avocat P\u00e9naliste \u00e0 Paris et en Ile-de-France (91, 92, 93, 94, 95, 77, 78) - \u260e 01 71 19 78 71 - D\u00e9fense des victimes et mis en cause.\" \/>\n<meta name=\"robots\" content=\"index, follow, max-snippet:-1, max-image-preview:large, max-video-preview:-1\" \/>\n<link rel=\"canonical\" href=\"https:\/\/braun-avocat.com\/en\/consultation-fees\/\" \/>\n<meta property=\"og:locale\" content=\"en_US\" \/>\n<meta property=\"og:type\" content=\"article\" \/>\n<meta property=\"og:title\" content=\"Consultation &amp; Fees Criminal lawyer - Criminal lawyer in Paris\" \/>\n<meta property=\"og:description\" content=\"Consultation &amp; Fees &#8226; Me Alexandre-M. BRAUN, Avocat P\u00e9naliste \u00e0 Paris et en Ile-de-France (91, 92, 93, 94, 95, 77, 78) - \u260e 01 71 19 78 71 - D\u00e9fense des victimes et mis en cause.\" \/>\n<meta property=\"og:url\" content=\"https:\/\/braun-avocat.com\/en\/consultation-fees\/\" \/>\n<meta property=\"og:site_name\" content=\"Criminal lawyer in Paris\" \/>\n<meta property=\"og:image\" content=\"https:\/\/braun-avocat.com\/wp-content\/uploads\/2023\/03\/Braun-avocat-droit-penal-paris-2.jpg\" \/>\n\t<meta property=\"og:image:width\" content=\"1024\" \/>\n\t<meta property=\"og:image:height\" content=\"692\" \/>\n\t<meta property=\"og:image:type\" content=\"image\/jpeg\" \/>\n<meta name=\"twitter:card\" content=\"summary_large_image\" \/>\n<meta name=\"twitter:label1\" content=\"Est. reading time\" \/>\n\t<meta name=\"twitter:data1\" content=\"1 minute\" \/>\n<script type=\"application\/ld+json\" class=\"yoast-schema-graph\">{\"@context\":\"https:\\\/\\\/schema.org\",\"@graph\":[{\"@type\":\"WebPage\",\"@id\":\"https:\\\/\\\/braun-avocat.com\\\/en\\\/consultation-fees\\\/\",\"url\":\"https:\\\/\\\/braun-avocat.com\\\/en\\\/consultation-fees\\\/\",\"name\":\"Consultation & Fees Criminal lawyer - Criminal lawyer in Paris\",\"isPartOf\":{\"@id\":\"https:\\\/\\\/braun-avocat.com\\\/en\\\/#website\"},\"datePublished\":\"2021-12-22T10:24:15+00:00\",\"description\":\"Consultation & Fees &#8226; Me Alexandre-M. BRAUN, Avocat P\u00e9naliste \u00e0 Paris et en Ile-de-France (91, 92, 93, 94, 95, 77, 78) - \u260e 01 71 19 78 71 - D\u00e9fense des victimes et mis en cause.\",\"breadcrumb\":{\"@id\":\"https:\\\/\\\/braun-avocat.com\\\/en\\\/consultation-fees\\\/#breadcrumb\"},\"inLanguage\":\"en-US\",\"potentialAction\":[{\"@type\":\"ReadAction\",\"target\":[\"https:\\\/\\\/braun-avocat.com\\\/en\\\/consultation-fees\\\/\"]}]},{\"@type\":\"BreadcrumbList\",\"@id\":\"https:\\\/\\\/braun-avocat.com\\\/en\\\/consultation-fees\\\/#breadcrumb\",\"itemListElement\":[{\"@type\":\"ListItem\",\"position\":1,\"name\":\"Home\",\"item\":\"https:\\\/\\\/braun-avocat.com\\\/en\\\/\"},{\"@type\":\"ListItem\",\"position\":2,\"name\":\"Consultation &#038; Fees\"}]},{\"@type\":\"WebSite\",\"@id\":\"https:\\\/\\\/braun-avocat.com\\\/en\\\/#website\",\"url\":\"https:\\\/\\\/braun-avocat.com\\\/en\\\/\",\"name\":\"Avocat Droit P\u00e9nal Paris\",\"description\":\"Avocat, D\u00e9fense P\u00e9nale, D\u00e9fense des victimes\",\"publisher\":{\"@id\":\"https:\\\/\\\/braun-avocat.com\\\/en\\\/#organization\"},\"potentialAction\":[{\"@type\":\"SearchAction\",\"target\":{\"@type\":\"EntryPoint\",\"urlTemplate\":\"https:\\\/\\\/braun-avocat.com\\\/en\\\/?s={search_term_string}\"},\"query-input\":{\"@type\":\"PropertyValueSpecification\",\"valueRequired\":true,\"valueName\":\"search_term_string\"}}],\"inLanguage\":\"en-US\"},{\"@type\":\"Organization\",\"@id\":\"https:\\\/\\\/braun-avocat.com\\\/en\\\/#organization\",\"name\":\"Avocat Droit P\u00e9nal Paris\",\"url\":\"https:\\\/\\\/braun-avocat.com\\\/en\\\/\",\"logo\":{\"@type\":\"ImageObject\",\"inLanguage\":\"en-US\",\"@id\":\"https:\\\/\\\/braun-avocat.com\\\/en\\\/#\\\/schema\\\/logo\\\/image\\\/\",\"url\":\"https:\\\/\\\/braun-avocat.com\\\/wp-content\\\/uploads\\\/2021\\\/07\\\/LOGO-BRAUN-01.svg\",\"contentUrl\":\"https:\\\/\\\/braun-avocat.com\\\/wp-content\\\/uploads\\\/2021\\\/07\\\/LOGO-BRAUN-01.svg\",\"caption\":\"Avocat Droit P\u00e9nal Paris\"},\"image\":{\"@id\":\"https:\\\/\\\/braun-avocat.com\\\/en\\\/#\\\/schema\\\/logo\\\/image\\\/\"}}]}<\/script>\n<!-- \/ Yoast SEO plugin. -->","yoast_head_json":{"title":"Consultation & Fees Criminal lawyer - Criminal lawyer in Paris","description":"Consultation & Fees &#8226; Me Alexandre-M. BRAUN, Avocat P\u00e9naliste \u00e0 Paris et en Ile-de-France (91, 92, 93, 94, 95, 77, 78) - \u260e 01 71 19 78 71 - D\u00e9fense des victimes et mis en cause.","robots":{"index":"index","follow":"follow","max-snippet":"max-snippet:-1","max-image-preview":"max-image-preview:large","max-video-preview":"max-video-preview:-1"},"canonical":"https:\/\/braun-avocat.com\/en\/consultation-fees\/","og_locale":"en_US","og_type":"article","og_title":"Consultation & Fees Criminal lawyer - Criminal lawyer in Paris","og_description":"Consultation & Fees &#8226; Me Alexandre-M. BRAUN, Avocat P\u00e9naliste \u00e0 Paris et en Ile-de-France (91, 92, 93, 94, 95, 77, 78) - \u260e 01 71 19 78 71 - D\u00e9fense des victimes et mis en cause.","og_url":"https:\/\/braun-avocat.com\/en\/consultation-fees\/","og_site_name":"Criminal lawyer in Paris","og_image":[{"width":1024,"height":692,"url":"https:\/\/braun-avocat.com\/wp-content\/uploads\/2023\/03\/Braun-avocat-droit-penal-paris-2.jpg","type":"image\/jpeg"}],"twitter_card":"summary_large_image","twitter_misc":{"Est. reading time":"1 minute"},"schema":{"@context":"https:\/\/schema.org","@graph":[{"@type":"WebPage","@id":"https:\/\/braun-avocat.com\/en\/consultation-fees\/","url":"https:\/\/braun-avocat.com\/en\/consultation-fees\/","name":"Consultation & Fees Criminal lawyer - Criminal lawyer in Paris","isPartOf":{"@id":"https:\/\/braun-avocat.com\/en\/#website"},"datePublished":"2021-12-22T10:24:15+00:00","description":"Consultation & Fees &#8226; Me Alexandre-M. BRAUN, Avocat P\u00e9naliste \u00e0 Paris et en Ile-de-France (91, 92, 93, 94, 95, 77, 78) - \u260e 01 71 19 78 71 - D\u00e9fense des victimes et mis en cause.","breadcrumb":{"@id":"https:\/\/braun-avocat.com\/en\/consultation-fees\/#breadcrumb"},"inLanguage":"en-US","potentialAction":[{"@type":"ReadAction","target":["https:\/\/braun-avocat.com\/en\/consultation-fees\/"]}]},{"@type":"BreadcrumbList","@id":"https:\/\/braun-avocat.com\/en\/consultation-fees\/#breadcrumb","itemListElement":[{"@type":"ListItem","position":1,"name":"Home","item":"https:\/\/braun-avocat.com\/en\/"},{"@type":"ListItem","position":2,"name":"Consultation &#038; Fees"}]},{"@type":"WebSite","@id":"https:\/\/braun-avocat.com\/en\/#website","url":"https:\/\/braun-avocat.com\/en\/","name":"Avocat Droit P\u00e9nal Paris","description":"Avocat, D\u00e9fense P\u00e9nale, D\u00e9fense des victimes","publisher":{"@id":"https:\/\/braun-avocat.com\/en\/#organization"},"potentialAction":[{"@type":"SearchAction","target":{"@type":"EntryPoint","urlTemplate":"https:\/\/braun-avocat.com\/en\/?s={search_term_string}"},"query-input":{"@type":"PropertyValueSpecification","valueRequired":true,"valueName":"search_term_string"}}],"inLanguage":"en-US"},{"@type":"Organization","@id":"https:\/\/braun-avocat.com\/en\/#organization","name":"Avocat Droit P\u00e9nal Paris","url":"https:\/\/braun-avocat.com\/en\/","logo":{"@type":"ImageObject","inLanguage":"en-US","@id":"https:\/\/braun-avocat.com\/en\/#\/schema\/logo\/image\/","url":"https:\/\/braun-avocat.com\/wp-content\/uploads\/2021\/07\/LOGO-BRAUN-01.svg","contentUrl":"https:\/\/braun-avocat.com\/wp-content\/uploads\/2021\/07\/LOGO-BRAUN-01.svg","caption":"Avocat Droit P\u00e9nal Paris"},"image":{"@id":"https:\/\/braun-avocat.com\/en\/#\/schema\/logo\/image\/"}}]}},"_links":{"self":[{"href":"https:\/\/braun-avocat.com\/en\/wp-json\/wp\/v2\/pages\/4723","targetHints":{"allow":["GET"]}}],"collection":[{"href":"https:\/\/braun-avocat.com\/en\/wp-json\/wp\/v2\/pages"}],"about":[{"href":"https:\/\/braun-avocat.com\/en\/wp-json\/wp\/v2\/types\/page"}],"author":[{"embeddable":true,"href":"https:\/\/braun-avocat.com\/en\/wp-json\/wp\/v2\/users\/3"}],"replies":[{"embeddable":true,"href":"https:\/\/braun-avocat.com\/en\/wp-json\/wp\/v2\/comments?post=4723"}],"version-history":[{"count":0,"href":"https:\/\/braun-avocat.com\/en\/wp-json\/wp\/v2\/pages\/4723\/revisions"}],"wp:attachment":[{"href":"https:\/\/braun-avocat.com\/en\/wp-json\/wp\/v2\/media?parent=4723"}],"curies":[{"name":"wp","href":"https:\/\/api.w.org\/{rel}","templated":true}]}}