{"id":4606,"date":"2021-12-21T14:21:58","date_gmt":"2021-12-21T13:21:58","guid":{"rendered":"http:\/\/braun-avocat.com\/contact\/"},"modified":"2021-12-21T14:42:17","modified_gmt":"2021-12-21T13:42:17","slug":"contact","status":"publish","type":"page","link":"https:\/\/braun-avocat.com\/en\/contact\/","title":{"rendered":"Contact"},"content":{"rendered":"\t\t<div data-elementor-type=\"wp-page\" data-elementor-id=\"4606\" class=\"elementor elementor-4606 elementor-430\" data-elementor-post-type=\"page\">\n\t\t\t\t\t\t<section class=\"elementor-section elementor-top-section elementor-element elementor-element-361de2ef elementor-section-boxed elementor-section-height-default elementor-section-height-default\" data-id=\"361de2ef\" data-element_type=\"section\" data-e-type=\"section\" data-settings=\"{&quot;background_background&quot;:&quot;classic&quot;}\">\n\t\t\t\t\t\t<div class=\"elementor-container elementor-column-gap-default\">\n\t\t\t\t\t<div class=\"elementor-column elementor-col-100 elementor-top-column elementor-element elementor-element-2bdce180\" data-id=\"2bdce180\" data-element_type=\"column\" data-e-type=\"column\">\n\t\t\t<div class=\"elementor-widget-wrap elementor-element-populated\">\n\t\t\t\t\t\t<div class=\"elementor-element elementor-element-5dbc7e76 elementor-widget elementor-widget-heading\" data-id=\"5dbc7e76\" data-element_type=\"widget\" data-e-type=\"widget\" data-widget_type=\"heading.default\">\n\t\t\t\t<div class=\"elementor-widget-container\">\n\t\t\t\t\t<h1 class=\"elementor-heading-title elementor-size-default\">Contact<\/h1>\t\t\t\t<\/div>\n\t\t\t\t<\/div>\n\t\t\t\t<div class=\"elementor-element elementor-element-d29bcb5 elementor-widget elementor-widget-text-editor\" data-id=\"d29bcb5\" data-element_type=\"widget\" data-e-type=\"widget\" data-widget_type=\"text-editor.default\">\n\t\t\t\t<div class=\"elementor-widget-container\">\n\t\t\t\t\t\t\t\t\t<p id=\"breadcrumbs\"><a href=\"\/\">Home<\/a> \u00a0\/\/\u00a0 <a href=\"\/en\/the-law-firm\/\">Law firm<\/a> \u00a0\/\/\u00a0 <span class=\"breadcrumb_last\" aria-current=\"page\">Contact<\/span><\/p>\n\t\t\t\t\t\t\t\t<\/div>\n\t\t\t\t<\/div>\n\t\t\t\t\t<\/div>\n\t\t<\/div>\n\t\t\t\t\t<\/div>\n\t\t<\/section>\n\t\t\t\t<section class=\"elementor-section elementor-top-section elementor-element elementor-element-b6bd55c elementor-section-boxed elementor-section-height-default elementor-section-height-default\" data-id=\"b6bd55c\" data-element_type=\"section\" data-e-type=\"section\">\n\t\t\t\t\t\t<div class=\"elementor-container elementor-column-gap-extended\">\n\t\t\t\t\t<div class=\"elementor-column elementor-col-50 elementor-top-column elementor-element elementor-element-9e09ec1\" data-id=\"9e09ec1\" data-element_type=\"column\" data-e-type=\"column\">\n\t\t\t<div class=\"elementor-widget-wrap elementor-element-populated\">\n\t\t\t\t\t\t<div class=\"elementor-element elementor-element-6845e88 elementor-widget elementor-widget-text-editor\" data-id=\"6845e88\" data-element_type=\"widget\" data-e-type=\"widget\" data-widget_type=\"text-editor.default\">\n\t\t\t\t<div class=\"elementor-widget-container\">\n\t\t\t\t\t\t\t\t\t<p><div class=\"forminator-ui forminator-custom-form forminator-custom-form-4426 forminator-design--default  forminator_ajax\" data-forminator-render=\"0\" data-form=\"forminator-module-4426\" data-uid=\"69e349b1a9d42\"><br\/><\/div><form\n\t\t\t\tid=\"forminator-module-4426\"\n\t\t\t\tclass=\"forminator-ui forminator-custom-form forminator-custom-form-4426 forminator-design--default  forminator_ajax\"\n\t\t\t\tmethod=\"post\"\n\t\t\t\tdata-forminator-render=\"0\"\n\t\t\t\tdata-form-id=\"4426\"\n\t\t\t\t data-color-option=\"default\" data-design=\"default\" data-grid=\"open\" style=\"display: none;\"\n\t\t\t\tdata-uid=\"69e349b1a9d42\"\n\t\t\t><div role=\"alert\" aria-live=\"polite\" class=\"forminator-response-message forminator-error\" aria-hidden=\"true\"><\/div><div class=\"forminator-row\"><div id=\"name-1\" class=\"forminator-field-name forminator-col forminator-col-6 \"><div class=\"forminator-field\"><input type=\"text\" name=\"name-1\" value=\"\" placeholder=\"Name\" id=\"forminator-field-name-1_69e349b1a9d42\" class=\"forminator-input forminator-name--field\" aria-required=\"false\" autocomplete=\"name\" \/><\/div><\/div><div id=\"name-2\" class=\"forminator-field-name forminator-col forminator-col-6 \"><div class=\"forminator-field\"><input type=\"text\" name=\"name-2\" value=\"\" placeholder=\"First name\" id=\"forminator-field-name-2_69e349b1a9d42\" class=\"forminator-input forminator-name--field\" aria-required=\"false\" autocomplete=\"name\" \/><\/div><\/div><\/div><div class=\"forminator-row\"><div id=\"email-1\" class=\"forminator-field-email forminator-col forminator-col-6 \"><div class=\"forminator-field\"><input type=\"email\" name=\"email-1\" value=\"\" placeholder=\"Mail\" id=\"forminator-field-email-1_69e349b1a9d42\" class=\"forminator-input forminator-email--field\" data-required=\"\" aria-required=\"false\" autocomplete=\"email\" \/><\/div><\/div><div id=\"text-1\" class=\"forminator-field-text forminator-col forminator-col-6 \"><div class=\"forminator-field\"><input type=\"text\" name=\"text-1\" value=\"\" placeholder=\"Subject\" id=\"forminator-field-text-1_69e349b1a9d42\" class=\"forminator-input forminator-name--field\" data-required=\"\" \/><\/div><\/div><\/div><div class=\"forminator-row\"><div id=\"textarea-1\" class=\"forminator-field-textarea forminator-col forminator-col-12 \"><div class=\"forminator-field\"><textarea name=\"textarea-1\" placeholder=\"Message\" id=\"forminator-field-textarea-1_69e349b1a9d42\" class=\"forminator-textarea\" rows=\"6\" style=\"min-height:140px;\" ><\/textarea><\/div><\/div><\/div><div class=\"forminator-row\"><div id=\"captcha-1\" class=\"forminator-field-captcha forminator-col forminator-col-12 \"><div class=\"forminator-captcha-left forminator-g-recaptcha\" data-theme=\"light\"  data-sitekey=\"6Lcx5MwbAAAAACcVzQBxU3t0eMOYQR0XIyQxSRQG\" data-size=\"normal\"><\/div> <\/div><\/div><input type=\"hidden\" name=\"referer_url\" value=\"\" \/><div class=\"forminator-row forminator-row-last\"><div class=\"forminator-col\"><div class=\"forminator-field\"><button class=\"forminator-button forminator-button-submit\">SEND<\/button><\/div><\/div><\/div><input type=\"hidden\" id=\"forminator_nonce\" name=\"forminator_nonce\" value=\"3061ae1721\" \/><input type=\"hidden\" name=\"_wp_http_referer\" value=\"\/en\/wp-json\/wp\/v2\/pages\/4606\" \/><input type=\"hidden\" name=\"form_id\" value=\"4426\"><input type=\"hidden\" name=\"page_id\" value=\"4606\"><input type=\"hidden\" name=\"form_type\" value=\"default\"><input type=\"hidden\" name=\"current_url\" value=\"https:\/\/braun-avocat.com\/en\/contact\/\"><input type=\"hidden\" name=\"render_id\" value=\"0\"><input type=\"hidden\" name=\"action\" value=\"forminator_submit_form_custom-forms\"><\/form><\/p>\n\t\t\t\t\t\t\t\t<\/div>\n\t\t\t\t<\/div>\n\t\t\t\t\t<\/div>\n\t\t<\/div>\n\t\t\t\t<div class=\"elementor-column elementor-col-50 elementor-top-column elementor-element elementor-element-4cd5cf7\" data-id=\"4cd5cf7\" data-element_type=\"column\" data-e-type=\"column\">\n\t\t\t<div class=\"elementor-widget-wrap elementor-element-populated\">\n\t\t\t\t\t\t<div class=\"elementor-element elementor-element-07c7124 elementor-widget elementor-widget-text-editor\" data-id=\"07c7124\" data-element_type=\"widget\" data-e-type=\"widget\" data-widget_type=\"text-editor.default\">\n\t\t\t\t<div class=\"elementor-widget-container\">\n\t\t\t\t\t\t\t\t\t<p>Alexandre-M. BRAUN receives clients at his law firm, by appointment only. He can be reached, preferably, through the form.<\/p>\n\t\t\t\t\t\t\t\t<\/div>\n\t\t\t\t<\/div>\n\t\t\t\t<div class=\"elementor-element elementor-element-cfd2230 elementor-widget-divider--view-line elementor-widget elementor-widget-divider\" data-id=\"cfd2230\" data-element_type=\"widget\" data-e-type=\"widget\" data-widget_type=\"divider.default\">\n\t\t\t\t<div class=\"elementor-widget-container\">\n\t\t\t\t\t\t\t<div class=\"elementor-divider\">\n\t\t\t<span class=\"elementor-divider-separator\">\n\t\t\t\t\t\t<\/span>\n\t\t<\/div>\n\t\t\t\t\t\t<\/div>\n\t\t\t\t<\/div>\n\t\t\t\t<div class=\"elementor-element elementor-element-a06c70d elementor-icon-list--layout-traditional elementor-list-item-link-full_width elementor-widget elementor-widget-icon-list\" data-id=\"a06c70d\" data-element_type=\"widget\" data-e-type=\"widget\" data-widget_type=\"icon-list.default\">\n\t\t\t\t<div class=\"elementor-widget-container\">\n\t\t\t\t\t\t\t<ul class=\"elementor-icon-list-items\">\n\t\t\t\t\t\t\t<li class=\"elementor-icon-list-item\">\n\t\t\t\t\t\t\t\t\t\t\t<span class=\"elementor-icon-list-icon\">\n\t\t\t\t\t\t\t<i aria-hidden=\"true\" class=\"fas fa-home\"><\/i>\t\t\t\t\t\t<\/span>\n\t\t\t\t\t\t\t\t\t\t<span class=\"elementor-icon-list-text\">30 rue Eug\u00e8ne Flachat, 75017 Paris<\/span>\n\t\t\t\t\t\t\t\t\t<\/li>\n\t\t\t\t\t\t\t\t<li class=\"elementor-icon-list-item\">\n\t\t\t\t\t\t\t\t\t\t\t<span class=\"elementor-icon-list-icon\">\n\t\t\t\t\t\t\t<i aria-hidden=\"true\" class=\"fas fa-phone-alt\"><\/i>\t\t\t\t\t\t<\/span>\n\t\t\t\t\t\t\t\t\t\t<span class=\"elementor-icon-list-text\">01 56 79 12 18<\/span>\n\t\t\t\t\t\t\t\t\t<\/li>\n\t\t\t\t\t\t\t\t<li class=\"elementor-icon-list-item\">\n\t\t\t\t\t\t\t\t\t\t\t<span class=\"elementor-icon-list-icon\">\n\t\t\t\t\t\t\t<i aria-hidden=\"true\" class=\"fas fa-print\"><\/i>\t\t\t\t\t\t<\/span>\n\t\t\t\t\t\t\t\t\t\t<span class=\"elementor-icon-list-text\">01 70 71 97 26<\/span>\n\t\t\t\t\t\t\t\t\t<\/li>\n\t\t\t\t\t\t<\/ul>\n\t\t\t\t\t\t<\/div>\n\t\t\t\t<\/div>\n\t\t\t\t\t<\/div>\n\t\t<\/div>\n\t\t\t\t\t<\/div>\n\t\t<\/section>\n\t\t\t\t<section class=\"elementor-section elementor-top-section elementor-element elementor-element-0ffe2fc elementor-section-boxed elementor-section-height-default elementor-section-height-default\" data-id=\"0ffe2fc\" data-element_type=\"section\" data-e-type=\"section\">\n\t\t\t\t\t\t<div class=\"elementor-container elementor-column-gap-default\">\n\t\t\t\t\t<div class=\"elementor-column elementor-col-100 elementor-top-column elementor-element elementor-element-bff55c7\" data-id=\"bff55c7\" data-element_type=\"column\" data-e-type=\"column\">\n\t\t\t<div class=\"elementor-widget-wrap elementor-element-populated\">\n\t\t\t\t\t\t<div class=\"elementor-element elementor-element-d495238 elementor-widget elementor-widget-heading\" data-id=\"d495238\" data-element_type=\"widget\" data-e-type=\"widget\" data-widget_type=\"heading.default\">\n\t\t\t\t<div class=\"elementor-widget-container\">\n\t\t\t\t\t<h2 class=\"elementor-heading-title elementor-size-default\">Criminal lawyer in Paris and Ile-de-France<\/h2>\t\t\t\t<\/div>\n\t\t\t\t<\/div>\n\t\t\t\t<div class=\"elementor-element elementor-element-05bc3c7 elementor-widget elementor-widget-text-editor\" data-id=\"05bc3c7\" data-element_type=\"widget\" data-e-type=\"widget\" data-widget_type=\"text-editor.default\">\n\t\t\t\t<div class=\"elementor-widget-container\">\n\t\t\t\t\t\t\t\t\t<p><span style=\"font-weight: 400;\"><strong>Alexandre-M. BRAUN<\/strong> is a member of the <strong>Paris Bar<\/strong>, practicing in particular in <a href=\"\/en\/criminal-law\">criminal law<\/a>. He pleads in <strong>Paris<\/strong>, in the jurisdictions of the <strong>Paris region<\/strong> (Versailles, Bobigny, Nanterre, Evry, Cr\u00e9teil&#8230;competent for Yvelines, Seine-Saint-Denis, Hauts de Seine, Essonne, Val-de-Marne&#8230;) but also in <strong>the whole of France<\/strong> (Lille, Strasbourg, Marseille, Lyon, Bordeaux, Nantes, Montpellier, Niort, Troyes, Beauvais, Amiens, Senlis, Chateauroux, Nevers&#8230;)<\/span><\/p>\n\t\t\t\t\t\t\t\t<\/div>\n\t\t\t\t<\/div>\n\t\t\t\t\t<\/div>\n\t\t<\/div>\n\t\t\t\t\t<\/div>\n\t\t<\/section>\n\t\t\t\t<section class=\"elementor-section elementor-top-section elementor-element elementor-element-1538ed0 elementor-section-full_width elementor-section-stretched elementor-section-height-default elementor-section-height-default\" data-id=\"1538ed0\" data-element_type=\"section\" data-e-type=\"section\" data-settings=\"{&quot;stretch_section&quot;:&quot;section-stretched&quot;}\">\n\t\t\t\t\t\t<div class=\"elementor-container elementor-column-gap-default\">\n\t\t\t\t\t<div class=\"elementor-column elementor-col-100 elementor-top-column elementor-element elementor-element-4f6eefd\" data-id=\"4f6eefd\" data-element_type=\"column\" data-e-type=\"column\">\n\t\t\t<div class=\"elementor-widget-wrap elementor-element-populated\">\n\t\t\t\t\t\t<div class=\"elementor-element elementor-element-625ab67 elementor-widget elementor-widget-text-editor\" data-id=\"625ab67\" data-element_type=\"widget\" data-e-type=\"widget\" data-widget_type=\"text-editor.default\">\n\t\t\t\t<div class=\"elementor-widget-container\">\n\t\t\t\t\t\t\t\t\t<p><iframe src=\"https:\/\/www.google.com\/maps\/embed?pb=!1m18!1m12!1m3!1d2623.479981722585!2d2.296615551243814!3d48.88718910653102!2m3!1f0!2f0!3f0!3m2!1i1024!2i768!4f13.1!3m3!1m2!1s0x47e66f977c35a52d%3A0x1b73d9e7c70daa69!2s30%20Rue%20Eug%C3%A8ne%20Flachat%2C%2075017%20Paris%2C%20France!5e0!3m2!1sfr!2smg!4v1585230056850!5m2!1sfr!2smg\" width=\"100%\" height=\"450\" frameborder=\"0\" style=\"border:0;\" allowfullscreen=\"\" aria-hidden=\"false\" tabindex=\"0\"><\/iframe><\/p>\n\t\t\t\t\t\t\t\t<\/div>\n\t\t\t\t<\/div>\n\t\t\t\t\t<\/div>\n\t\t<\/div>\n\t\t\t\t\t<\/div>\n\t\t<\/section>\n\t\t\t\t<\/div>\n\t\t","protected":false},"excerpt":{"rendered":"<p>Contact Home \u00a0\/\/\u00a0 Law firm \u00a0\/\/\u00a0 Contact Alexandre-M. BRAUN receives clients at his law firm, by appointment only. He can be reached, preferably, through the form. 30 rue Eug\u00e8ne Flachat, 75017 Paris 01 56 79 12 18 01 70 71 97 26 Criminal lawyer in Paris and Ile-de-France Alexandre-M. BRAUN is a member of the&hellip;&nbsp;<a href=\"https:\/\/braun-avocat.com\/en\/contact\/\" rel=\"bookmark\">(suite\u2026)<span class=\"screen-reader-text\">Contact<\/span><\/a><\/p>\n","protected":false},"author":5,"featured_media":0,"parent":0,"menu_order":0,"comment_status":"closed","ping_status":"closed","template":"elementor_header_footer","meta":{"neve_meta_sidebar":"","neve_meta_container":"","neve_meta_enable_content_width":"","neve_meta_content_width":0,"neve_meta_title_alignment":"","neve_meta_author_avatar":"","neve_post_elements_order":"","neve_meta_disable_header":"","neve_meta_disable_footer":"","neve_meta_disable_title":"","neve_meta_reading_time":"","footnotes":""},"class_list":["post-4606","page","type-page","status-publish","hentry"],"yoast_head":"<!-- This site is optimized with the Yoast SEO plugin v27.4 - https:\/\/yoast.com\/product\/yoast-seo-wordpress\/ -->\n<title>Contact - Avocat Droit P\u00e9nal IDF - Avocat Droit P\u00e9nal Paris<\/title>\n<meta name=\"description\" content=\"Contact &#8226; Me Alexandre-M. BRAUN, Avocat P\u00e9naliste \u00e0 Paris et en Ile-de-France (91, 92, 93, 94, 95, 77, 78) - \u260e 01 71 19 78 71 - D\u00e9fense des victimes et mis en cause.\" \/>\n<meta name=\"robots\" content=\"index, follow, max-snippet:-1, max-image-preview:large, max-video-preview:-1\" \/>\n<link rel=\"canonical\" href=\"https:\/\/braun-avocat.com\/en\/contact\/\" \/>\n<meta property=\"og:locale\" content=\"en_US\" \/>\n<meta property=\"og:type\" content=\"article\" \/>\n<meta property=\"og:title\" content=\"Contact - Avocat Droit P\u00e9nal IDF - Avocat Droit P\u00e9nal Paris\" \/>\n<meta property=\"og:description\" content=\"Contact &#8226; Me Alexandre-M. BRAUN, Avocat P\u00e9naliste \u00e0 Paris et en Ile-de-France (91, 92, 93, 94, 95, 77, 78) - \u260e 01 71 19 78 71 - D\u00e9fense des victimes et mis en cause.\" \/>\n<meta property=\"og:url\" content=\"https:\/\/braun-avocat.com\/en\/contact\/\" \/>\n<meta property=\"og:site_name\" content=\"Criminal lawyer in Paris\" \/>\n<meta property=\"article:modified_time\" content=\"2021-12-21T13:42:17+00:00\" \/>\n<meta property=\"og:image\" content=\"https:\/\/braun-avocat.com\/wp-content\/uploads\/2023\/03\/Braun-avocat-droit-penal-paris-2.jpg\" \/>\n\t<meta property=\"og:image:width\" content=\"1024\" \/>\n\t<meta property=\"og:image:height\" content=\"692\" \/>\n\t<meta property=\"og:image:type\" content=\"image\/jpeg\" \/>\n<meta name=\"twitter:card\" content=\"summary_large_image\" \/>\n<meta name=\"twitter:label1\" content=\"Est. reading time\" \/>\n\t<meta name=\"twitter:data1\" content=\"1 minute\" \/>\n<script type=\"application\/ld+json\" class=\"yoast-schema-graph\">{\"@context\":\"https:\\\/\\\/schema.org\",\"@graph\":[{\"@type\":\"WebPage\",\"@id\":\"https:\\\/\\\/braun-avocat.com\\\/en\\\/contact\\\/\",\"url\":\"https:\\\/\\\/braun-avocat.com\\\/en\\\/contact\\\/\",\"name\":\"Contact - Avocat Droit P\u00e9nal IDF - Avocat Droit P\u00e9nal Paris\",\"isPartOf\":{\"@id\":\"https:\\\/\\\/braun-avocat.com\\\/en\\\/#website\"},\"datePublished\":\"2021-12-21T13:21:58+00:00\",\"dateModified\":\"2021-12-21T13:42:17+00:00\",\"description\":\"Contact &#8226; Me Alexandre-M. BRAUN, Avocat P\u00e9naliste \u00e0 Paris et en Ile-de-France (91, 92, 93, 94, 95, 77, 78) - \u260e 01 71 19 78 71 - D\u00e9fense des victimes et mis en cause.\",\"breadcrumb\":{\"@id\":\"https:\\\/\\\/braun-avocat.com\\\/en\\\/contact\\\/#breadcrumb\"},\"inLanguage\":\"en-US\",\"potentialAction\":[{\"@type\":\"ReadAction\",\"target\":[\"https:\\\/\\\/braun-avocat.com\\\/en\\\/contact\\\/\"]}]},{\"@type\":\"BreadcrumbList\",\"@id\":\"https:\\\/\\\/braun-avocat.com\\\/en\\\/contact\\\/#breadcrumb\",\"itemListElement\":[{\"@type\":\"ListItem\",\"position\":1,\"name\":\"Home\",\"item\":\"https:\\\/\\\/braun-avocat.com\\\/en\\\/\"},{\"@type\":\"ListItem\",\"position\":2,\"name\":\"Contact\"}]},{\"@type\":\"WebSite\",\"@id\":\"https:\\\/\\\/braun-avocat.com\\\/en\\\/#website\",\"url\":\"https:\\\/\\\/braun-avocat.com\\\/en\\\/\",\"name\":\"Avocat Droit P\u00e9nal Paris\",\"description\":\"Avocat, D\u00e9fense P\u00e9nale, D\u00e9fense des victimes\",\"publisher\":{\"@id\":\"https:\\\/\\\/braun-avocat.com\\\/en\\\/#organization\"},\"potentialAction\":[{\"@type\":\"SearchAction\",\"target\":{\"@type\":\"EntryPoint\",\"urlTemplate\":\"https:\\\/\\\/braun-avocat.com\\\/en\\\/?s={search_term_string}\"},\"query-input\":{\"@type\":\"PropertyValueSpecification\",\"valueRequired\":true,\"valueName\":\"search_term_string\"}}],\"inLanguage\":\"en-US\"},{\"@type\":\"Organization\",\"@id\":\"https:\\\/\\\/braun-avocat.com\\\/en\\\/#organization\",\"name\":\"Avocat Droit P\u00e9nal Paris\",\"url\":\"https:\\\/\\\/braun-avocat.com\\\/en\\\/\",\"logo\":{\"@type\":\"ImageObject\",\"inLanguage\":\"en-US\",\"@id\":\"https:\\\/\\\/braun-avocat.com\\\/en\\\/#\\\/schema\\\/logo\\\/image\\\/\",\"url\":\"https:\\\/\\\/braun-avocat.com\\\/wp-content\\\/uploads\\\/2021\\\/07\\\/LOGO-BRAUN-01.svg\",\"contentUrl\":\"https:\\\/\\\/braun-avocat.com\\\/wp-content\\\/uploads\\\/2021\\\/07\\\/LOGO-BRAUN-01.svg\",\"caption\":\"Avocat Droit P\u00e9nal Paris\"},\"image\":{\"@id\":\"https:\\\/\\\/braun-avocat.com\\\/en\\\/#\\\/schema\\\/logo\\\/image\\\/\"}}]}<\/script>\n<!-- \/ Yoast SEO plugin. -->","yoast_head_json":{"title":"Contact - Avocat Droit P\u00e9nal IDF - Avocat Droit P\u00e9nal Paris","description":"Contact &#8226; Me Alexandre-M. BRAUN, Avocat P\u00e9naliste \u00e0 Paris et en Ile-de-France (91, 92, 93, 94, 95, 77, 78) - \u260e 01 71 19 78 71 - D\u00e9fense des victimes et mis en cause.","robots":{"index":"index","follow":"follow","max-snippet":"max-snippet:-1","max-image-preview":"max-image-preview:large","max-video-preview":"max-video-preview:-1"},"canonical":"https:\/\/braun-avocat.com\/en\/contact\/","og_locale":"en_US","og_type":"article","og_title":"Contact - Avocat Droit P\u00e9nal IDF - Avocat Droit P\u00e9nal Paris","og_description":"Contact &#8226; Me Alexandre-M. BRAUN, Avocat P\u00e9naliste \u00e0 Paris et en Ile-de-France (91, 92, 93, 94, 95, 77, 78) - \u260e 01 71 19 78 71 - D\u00e9fense des victimes et mis en cause.","og_url":"https:\/\/braun-avocat.com\/en\/contact\/","og_site_name":"Criminal lawyer in Paris","article_modified_time":"2021-12-21T13:42:17+00:00","og_image":[{"width":1024,"height":692,"url":"https:\/\/braun-avocat.com\/wp-content\/uploads\/2023\/03\/Braun-avocat-droit-penal-paris-2.jpg","type":"image\/jpeg"}],"twitter_card":"summary_large_image","twitter_misc":{"Est. reading time":"1 minute"},"schema":{"@context":"https:\/\/schema.org","@graph":[{"@type":"WebPage","@id":"https:\/\/braun-avocat.com\/en\/contact\/","url":"https:\/\/braun-avocat.com\/en\/contact\/","name":"Contact - Avocat Droit P\u00e9nal IDF - Avocat Droit P\u00e9nal Paris","isPartOf":{"@id":"https:\/\/braun-avocat.com\/en\/#website"},"datePublished":"2021-12-21T13:21:58+00:00","dateModified":"2021-12-21T13:42:17+00:00","description":"Contact &#8226; Me Alexandre-M. BRAUN, Avocat P\u00e9naliste \u00e0 Paris et en Ile-de-France (91, 92, 93, 94, 95, 77, 78) - \u260e 01 71 19 78 71 - D\u00e9fense des victimes et mis en cause.","breadcrumb":{"@id":"https:\/\/braun-avocat.com\/en\/contact\/#breadcrumb"},"inLanguage":"en-US","potentialAction":[{"@type":"ReadAction","target":["https:\/\/braun-avocat.com\/en\/contact\/"]}]},{"@type":"BreadcrumbList","@id":"https:\/\/braun-avocat.com\/en\/contact\/#breadcrumb","itemListElement":[{"@type":"ListItem","position":1,"name":"Home","item":"https:\/\/braun-avocat.com\/en\/"},{"@type":"ListItem","position":2,"name":"Contact"}]},{"@type":"WebSite","@id":"https:\/\/braun-avocat.com\/en\/#website","url":"https:\/\/braun-avocat.com\/en\/","name":"Avocat Droit P\u00e9nal Paris","description":"Avocat, D\u00e9fense P\u00e9nale, D\u00e9fense des victimes","publisher":{"@id":"https:\/\/braun-avocat.com\/en\/#organization"},"potentialAction":[{"@type":"SearchAction","target":{"@type":"EntryPoint","urlTemplate":"https:\/\/braun-avocat.com\/en\/?s={search_term_string}"},"query-input":{"@type":"PropertyValueSpecification","valueRequired":true,"valueName":"search_term_string"}}],"inLanguage":"en-US"},{"@type":"Organization","@id":"https:\/\/braun-avocat.com\/en\/#organization","name":"Avocat Droit P\u00e9nal Paris","url":"https:\/\/braun-avocat.com\/en\/","logo":{"@type":"ImageObject","inLanguage":"en-US","@id":"https:\/\/braun-avocat.com\/en\/#\/schema\/logo\/image\/","url":"https:\/\/braun-avocat.com\/wp-content\/uploads\/2021\/07\/LOGO-BRAUN-01.svg","contentUrl":"https:\/\/braun-avocat.com\/wp-content\/uploads\/2021\/07\/LOGO-BRAUN-01.svg","caption":"Avocat Droit P\u00e9nal Paris"},"image":{"@id":"https:\/\/braun-avocat.com\/en\/#\/schema\/logo\/image\/"}}]}},"_links":{"self":[{"href":"https:\/\/braun-avocat.com\/en\/wp-json\/wp\/v2\/pages\/4606","targetHints":{"allow":["GET"]}}],"collection":[{"href":"https:\/\/braun-avocat.com\/en\/wp-json\/wp\/v2\/pages"}],"about":[{"href":"https:\/\/braun-avocat.com\/en\/wp-json\/wp\/v2\/types\/page"}],"author":[{"embeddable":true,"href":"https:\/\/braun-avocat.com\/en\/wp-json\/wp\/v2\/users\/5"}],"replies":[{"embeddable":true,"href":"https:\/\/braun-avocat.com\/en\/wp-json\/wp\/v2\/comments?post=4606"}],"version-history":[{"count":0,"href":"https:\/\/braun-avocat.com\/en\/wp-json\/wp\/v2\/pages\/4606\/revisions"}],"wp:attachment":[{"href":"https:\/\/braun-avocat.com\/en\/wp-json\/wp\/v2\/media?parent=4606"}],"curies":[{"name":"wp","href":"https:\/\/api.w.org\/{rel}","templated":true}]}}